{"id":16898,"date":"2019-11-28T11:35:58","date_gmt":"2019-11-28T10:35:58","guid":{"rendered":"http:\/\/wp2020.saicos.de\/general-terms-and-conditions\/"},"modified":"2021-05-14T10:19:23","modified_gmt":"2021-05-14T08:19:23","slug":"general-terms-and-conditions","status":"publish","type":"page","link":"https:\/\/www.saicos.de\/sv\/general-terms-and-conditions\/","title":{"rendered":"Allm\u00e4nna aff\u00e4rsvillkor"},"content":{"rendered":"","protected":false},"excerpt":{"rendered":"","protected":false},"author":37,"featured_media":0,"parent":0,"menu_order":0,"comment_status":"closed","ping_status":"closed","template":"","meta":{"_acf_changed":false,"inline_featured_image":false,"footnotes":""},"class_list":["post-16898","page","type-page","status-publish","hentry"],"acf":[],"yoast_head":"<!-- This site is optimized with the Yoast SEO Premium plugin v27.3 (Yoast SEO v27.5) - https:\/\/yoast.com\/product\/yoast-seo-premium-wordpress\/ -->\n<title>Allm\u00e4nna aff\u00e4rsvillkor : Spezialist f\u00fcr hochwertige Holzanstriche - SAICOS COLOUR GmbH<\/title>\n<meta name=\"robots\" content=\"index, follow, max-snippet:-1, max-image-preview:large, max-video-preview:-1\" \/>\n<link rel=\"canonical\" href=\"https:\/\/www.saicos.de\/sv\/general-terms-and-conditions\/\" \/>\n<meta property=\"og:locale\" content=\"sv_SE\" \/>\n<meta property=\"og:type\" content=\"article\" \/>\n<meta property=\"og:title\" content=\"Allm\u00e4nna aff\u00e4rsvillkor\" \/>\n<meta property=\"og:url\" content=\"https:\/\/www.saicos.de\/sv\/general-terms-and-conditions\/\" \/>\n<meta property=\"og:site_name\" content=\"Spezialist f\u00fcr hochwertige Holzanstriche - SAICOS COLOUR GmbH\" \/>\n<meta property=\"article:publisher\" content=\"https:\/\/facebook.com\/SaicosColour\" \/>\n<meta property=\"article:modified_time\" content=\"2021-05-14T08:19:23+00:00\" \/>\n<meta name=\"twitter:card\" content=\"summary_large_image\" \/>\n<script type=\"application\/ld+json\" class=\"yoast-schema-graph\">{\"@context\":\"https:\\\/\\\/schema.org\",\"@graph\":[{\"@type\":\"WebPage\",\"@id\":\"https:\\\/\\\/www.saicos.de\\\/sv\\\/general-terms-and-conditions\\\/\",\"url\":\"https:\\\/\\\/www.saicos.de\\\/sv\\\/general-terms-and-conditions\\\/\",\"name\":\"Allm\u00e4nna aff\u00e4rsvillkor : Spezialist f\u00fcr hochwertige Holzanstriche - SAICOS COLOUR GmbH\",\"isPartOf\":{\"@id\":\"https:\\\/\\\/www.saicos.de\\\/sv\\\/#website\"},\"datePublished\":\"2019-11-28T10:35:58+00:00\",\"dateModified\":\"2021-05-14T08:19:23+00:00\",\"breadcrumb\":{\"@id\":\"https:\\\/\\\/www.saicos.de\\\/sv\\\/general-terms-and-conditions\\\/#breadcrumb\"},\"inLanguage\":\"sv-SE\",\"potentialAction\":[{\"@type\":\"ReadAction\",\"target\":[\"https:\\\/\\\/www.saicos.de\\\/sv\\\/general-terms-and-conditions\\\/\"]}]},{\"@type\":\"BreadcrumbList\",\"@id\":\"https:\\\/\\\/www.saicos.de\\\/sv\\\/general-terms-and-conditions\\\/#breadcrumb\",\"itemListElement\":[{\"@type\":\"ListItem\",\"position\":1,\"name\":\"Startseite\",\"item\":\"https:\\\/\\\/www.saicos.de\\\/sv\\\/\"},{\"@type\":\"ListItem\",\"position\":2,\"name\":\"Allm\u00e4nna aff\u00e4rsvillkor\"}]},{\"@type\":\"WebSite\",\"@id\":\"https:\\\/\\\/www.saicos.de\\\/sv\\\/#website\",\"url\":\"https:\\\/\\\/www.saicos.de\\\/sv\\\/\",\"name\":\"Spezialist f\u00fcr hochwertige Holzanstriche - SAICOS COLOUR GmbH\",\"description\":\"\",\"publisher\":{\"@id\":\"https:\\\/\\\/www.saicos.de\\\/sv\\\/#organization\"},\"potentialAction\":[{\"@type\":\"SearchAction\",\"target\":{\"@type\":\"EntryPoint\",\"urlTemplate\":\"https:\\\/\\\/www.saicos.de\\\/sv\\\/?s={search_term_string}\"},\"query-input\":{\"@type\":\"PropertyValueSpecification\",\"valueRequired\":true,\"valueName\":\"search_term_string\"}}],\"inLanguage\":\"sv-SE\"},{\"@type\":\"Organization\",\"@id\":\"https:\\\/\\\/www.saicos.de\\\/sv\\\/#organization\",\"name\":\"SAICOS COLOUR GmbH\",\"url\":\"https:\\\/\\\/www.saicos.de\\\/sv\\\/\",\"logo\":{\"@type\":\"ImageObject\",\"inLanguage\":\"sv-SE\",\"@id\":\"https:\\\/\\\/www.saicos.de\\\/sv\\\/#\\\/schema\\\/logo\\\/image\\\/\",\"url\":\"https:\\\/\\\/www.saicos.de\\\/wp-content\\\/uploads\\\/layout\\\/saicos_logo-e1572951246882.png\",\"contentUrl\":\"https:\\\/\\\/www.saicos.de\\\/wp-content\\\/uploads\\\/layout\\\/saicos_logo-e1572951246882.png\",\"width\":535,\"height\":219,\"caption\":\"SAICOS COLOUR GmbH\"},\"image\":{\"@id\":\"https:\\\/\\\/www.saicos.de\\\/sv\\\/#\\\/schema\\\/logo\\\/image\\\/\"},\"sameAs\":[\"https:\\\/\\\/facebook.com\\\/SaicosColour\",\"https:\\\/\\\/instagram.com\\\/saicos.colour\\\/\",\"https:\\\/\\\/www.youtube.com\\\/c\\\/SAICOSCOLOURGmbH\"]}]}<\/script>\n<!-- \/ Yoast SEO Premium plugin. -->","yoast_head_json":{"title":"Allm\u00e4nna aff\u00e4rsvillkor : Spezialist f\u00fcr hochwertige Holzanstriche - SAICOS COLOUR GmbH","robots":{"index":"index","follow":"follow","max-snippet":"max-snippet:-1","max-image-preview":"max-image-preview:large","max-video-preview":"max-video-preview:-1"},"canonical":"https:\/\/www.saicos.de\/sv\/general-terms-and-conditions\/","og_locale":"sv_SE","og_type":"article","og_title":"Allm\u00e4nna aff\u00e4rsvillkor","og_url":"https:\/\/www.saicos.de\/sv\/general-terms-and-conditions\/","og_site_name":"Spezialist f\u00fcr hochwertige Holzanstriche - SAICOS COLOUR GmbH","article_publisher":"https:\/\/facebook.com\/SaicosColour","article_modified_time":"2021-05-14T08:19:23+00:00","twitter_card":"summary_large_image","schema":{"@context":"https:\/\/schema.org","@graph":[{"@type":"WebPage","@id":"https:\/\/www.saicos.de\/sv\/general-terms-and-conditions\/","url":"https:\/\/www.saicos.de\/sv\/general-terms-and-conditions\/","name":"Allm\u00e4nna aff\u00e4rsvillkor : Spezialist f\u00fcr hochwertige Holzanstriche - SAICOS COLOUR GmbH","isPartOf":{"@id":"https:\/\/www.saicos.de\/sv\/#website"},"datePublished":"2019-11-28T10:35:58+00:00","dateModified":"2021-05-14T08:19:23+00:00","breadcrumb":{"@id":"https:\/\/www.saicos.de\/sv\/general-terms-and-conditions\/#breadcrumb"},"inLanguage":"sv-SE","potentialAction":[{"@type":"ReadAction","target":["https:\/\/www.saicos.de\/sv\/general-terms-and-conditions\/"]}]},{"@type":"BreadcrumbList","@id":"https:\/\/www.saicos.de\/sv\/general-terms-and-conditions\/#breadcrumb","itemListElement":[{"@type":"ListItem","position":1,"name":"Startseite","item":"https:\/\/www.saicos.de\/sv\/"},{"@type":"ListItem","position":2,"name":"Allm\u00e4nna aff\u00e4rsvillkor"}]},{"@type":"WebSite","@id":"https:\/\/www.saicos.de\/sv\/#website","url":"https:\/\/www.saicos.de\/sv\/","name":"Spezialist f\u00fcr hochwertige Holzanstriche - SAICOS COLOUR GmbH","description":"","publisher":{"@id":"https:\/\/www.saicos.de\/sv\/#organization"},"potentialAction":[{"@type":"SearchAction","target":{"@type":"EntryPoint","urlTemplate":"https:\/\/www.saicos.de\/sv\/?s={search_term_string}"},"query-input":{"@type":"PropertyValueSpecification","valueRequired":true,"valueName":"search_term_string"}}],"inLanguage":"sv-SE"},{"@type":"Organization","@id":"https:\/\/www.saicos.de\/sv\/#organization","name":"SAICOS COLOUR GmbH","url":"https:\/\/www.saicos.de\/sv\/","logo":{"@type":"ImageObject","inLanguage":"sv-SE","@id":"https:\/\/www.saicos.de\/sv\/#\/schema\/logo\/image\/","url":"https:\/\/www.saicos.de\/wp-content\/uploads\/layout\/saicos_logo-e1572951246882.png","contentUrl":"https:\/\/www.saicos.de\/wp-content\/uploads\/layout\/saicos_logo-e1572951246882.png","width":535,"height":219,"caption":"SAICOS COLOUR GmbH"},"image":{"@id":"https:\/\/www.saicos.de\/sv\/#\/schema\/logo\/image\/"},"sameAs":["https:\/\/facebook.com\/SaicosColour","https:\/\/instagram.com\/saicos.colour\/","https:\/\/www.youtube.com\/c\/SAICOSCOLOURGmbH"]}]}},"_links":{"self":[{"href":"https:\/\/www.saicos.de\/sv\/wp-json\/wp\/v2\/pages\/16898","targetHints":{"allow":["GET"]}}],"collection":[{"href":"https:\/\/www.saicos.de\/sv\/wp-json\/wp\/v2\/pages"}],"about":[{"href":"https:\/\/www.saicos.de\/sv\/wp-json\/wp\/v2\/types\/page"}],"author":[{"embeddable":true,"href":"https:\/\/www.saicos.de\/sv\/wp-json\/wp\/v2\/users\/37"}],"replies":[{"embeddable":true,"href":"https:\/\/www.saicos.de\/sv\/wp-json\/wp\/v2\/comments?post=16898"}],"version-history":[{"count":1,"href":"https:\/\/www.saicos.de\/sv\/wp-json\/wp\/v2\/pages\/16898\/revisions"}],"predecessor-version":[{"id":24899,"href":"https:\/\/www.saicos.de\/sv\/wp-json\/wp\/v2\/pages\/16898\/revisions\/24899"}],"wp:attachment":[{"href":"https:\/\/www.saicos.de\/sv\/wp-json\/wp\/v2\/media?parent=16898"}],"curies":[{"name":"wp","href":"https:\/\/api.w.org\/{rel}","templated":true}]}}