{"id":16781,"date":"2019-11-08T15:04:51","date_gmt":"2019-11-08T14:04:51","guid":{"rendered":"http:\/\/wp2020.saicos.de\/service\/"},"modified":"2021-05-17T12:42:52","modified_gmt":"2021-05-17T10:42:52","slug":"service","status":"publish","type":"page","link":"https:\/\/www.saicos.de\/fr\/service\/","title":{"rendered":"Service"},"content":{"rendered":"\n<h2>\n\t<\/h2>\n\t\n\t<p>Nous attachons une grande importance \u00e0 la qualit\u00e9 de nos produits et de notre service. Car ce sont les relations d&#8217;affaires \u00e0 long terme et de confiance qui font la r\u00e9ussite d&#8217;une entreprise. Nous sommes heureux de transmettre notre savoir-faire \u00e0 nos clients et de satisfaire leurs exigences. Nous garantissons des livraisons \u00e0 court terme de nos produits standard et acceptons \u00e9galement des missions de d\u00e9veloppement complexes. Ensemble, nous pouvons relever tous les d\u00e9fis.<\/p>\n\t<h2>FAQ<\/h2>\n<p>Vous avez des questions sur nos produits d&#8217;int\u00e9rieur et d&#8217;ext\u00e9rieur ou en rapport avec l&#8217;entretien ? Vous trouverez toutes les r\u00e9ponses ici !<\/p>\n\t\t\t<a href=\"https:\/\/www.saicos.de\/fr\/service\/faq\/\" target=\"_self\" role=\"button\" rel=\"noopener\">\n\t\t\t\t\t\t\tVers la FAQ\n\t\t\t\t\t<\/a>\n\t<h3>Vid\u00e9os d&#8217;application<\/h3>\n<h4>Traitements pour bois d&#8217;ext\u00e9rieur<\/h4>\n\t<h4>Traitements pour bois d&#8217;int\u00e9rieur<\/h4>\n\t<h4>Traitements des sols<\/h4>\n\t<h4>Nettoyage &amp; entretien<\/h4>\n\t<h3>Fiches techniques<\/h3>\n<h4>Traitements pour bois d&#8217;ext\u00e9rieur<\/h4>\n\t<h4>Traitements pour bois d&#8217;int\u00e9rieur<\/h4>\n\t<h4>Nettoyage et entretien<\/h4>\n\t<h4>Rev\u00eatement 2K PU \u00e0 base d&#8217;eau<\/h4>\n<h3>\n\t\tConseils d&#8217;entretien\n\t<\/h3>\n<h3>\n\t\tDocumentation commerciale\n\t<\/h3>\n\t<h3>Vos avantages<\/h3>\n\n<h2>\n\t\tFachhandel\n\t<\/h2>\n<h3>\n\t\tProfitez de nos prestations de service\n\t<\/h3>\n\t<ul>\n<li>D\u00e9lais de livraison courts<\/li>\n<li>Marges \u00e9lev\u00e9es<\/li>\n<li>Fid\u00e9lit\u00e9 au commerce sp\u00e9cialis\u00e9<\/li>\n<li>Syst\u00e8me de rayonnage informatif<\/li>\n<li>Formation de votre \u00e9quipe commerciale et soutien lors de salons internes<\/li>\n<li>Mat\u00e9riel d&#8217;information et de PLV clair<\/li>\n<li>Fiches techniques (\u00e9galement disponible en scannant le QR code sur l&#8217;emballage)<\/li>\n<li>Certifications et fiches de donn\u00e9es de s\u00e9curit\u00e9<\/li>\n<li>Vid\u00e9os d&#8217;application<\/li>\n<li>Couleurs sur mesure RAL, NCS ou sur mod\u00e8le disponibles <\/li>\n<li>Conseil t\u00e9l\u00e9phonique<\/li>\n<li>Emballages produits avec descriptifs auto-explicatifs<\/li>\n<li>Nuanciers et palettes d&#8217;\u00e9chantillons<\/li>\n<\/ul>\n<h2>\n\t\tArtisans\n\t<\/h2>\n<h3>\n\t\tDes arguments qui convainquent m\u00eame les professionnels\n\t<\/h3>\n\t<ul>\n<li>Des produits de qualit\u00e9 sup\u00e9rieure \u00e0 base de mati\u00e8res premi\u00e8res naturelles et renouvelables<\/li>\n<li>Des gammes compl\u00e8tes \u00e0 s\u00e9chage rapide (rev\u00eatement, outils, entretien)<\/li>\n<li>Application facile au rouleau, \u00e0 la brosse ou au pad<\/li>\n<li>Traitement complet d&#8217;une surface de qualit\u00e9 sup\u00e9rieure en une journ\u00e9e seulement<\/li>\n<li>Mati\u00e8res premi\u00e8res naturelles et renouvelables<\/li>\n<li>Fiches techniques (disponibles en scannant le QR code sur l&#8217;emballage)<\/li>\n<li>Certifications et fiches de donn\u00e9es de s\u00e9curit\u00e9<\/li>\n<li>Vid\u00e9os d&#8217;application<\/li>\n<li>Couleurs sur mesure RAL, NCS ou sur mod\u00e8le disponibles<\/li>\n<li>4 degr\u00e9s de brillance des traitements \u00e0 base de laque et d&#8217;huile<\/li>\n<li>Nuanciers et palettes d&#8217;\u00e9chantillons<\/li>\n<\/ul>\n\t<h3>Certificats<\/h3>\n<h4>Agr\u00e9ment DIBt<\/h4>\n\t<h4>R\u00e9sistance \u00e0 la salive et \u00e0 la sueur\/comportement de migration (int\u00e9rieur)<\/h4>\n\t<h4>R\u00e9sistance \u00e0 la salive et \u00e0 la sueur\/comportement de migration (ext\u00e9rieur)<\/h4>\n\t<h4>\u00c9missions test\u00e9es selon le sch\u00e9ma AgBB<\/h4>\n\t<h4>Propri\u00e9t\u00e9s antid\u00e9rapantes R9<\/h4>\n\t<h4>Propri\u00e9t\u00e9s antid\u00e9rapantes R10<\/h4>\n\t<h4>R\u00e9sistance chimique DIN 68861 &#8211; Partie 1<\/h4>\n\n","protected":false},"excerpt":{"rendered":"<p>Nous attachons une grande importance \u00e0 la qualit\u00e9 de nos produits et de notre service. Car ce sont les relations d&#8217;affaires \u00e0 long terme et de confiance qui font la r\u00e9ussite d&#8217;une entreprise. Nous sommes heureux de transmettre notre savoir-faire \u00e0 nos clients et de satisfaire leurs exigences. Nous garantissons des livraisons \u00e0 court terme&hellip;<\/p>\n","protected":false},"author":37,"featured_media":0,"parent":0,"menu_order":0,"comment_status":"closed","ping_status":"closed","template":"","meta":{"_acf_changed":false,"inline_featured_image":false,"footnotes":""},"class_list":["post-16781","page","type-page","status-publish","hentry"],"acf":[],"yoast_head":"<!-- This site is optimized with the Yoast SEO Premium plugin v27.3 (Yoast SEO v27.5) - https:\/\/yoast.com\/product\/yoast-seo-premium-wordpress\/ -->\n<title>Service : Spezialist f\u00fcr hochwertige Holzanstriche - SAICOS COLOUR GmbH<\/title>\n<meta name=\"robots\" content=\"index, follow, max-snippet:-1, max-image-preview:large, max-video-preview:-1\" \/>\n<link rel=\"canonical\" href=\"https:\/\/www.saicos.de\/fr\/service\/\" \/>\n<meta property=\"og:locale\" content=\"fr_FR\" \/>\n<meta property=\"og:type\" content=\"article\" \/>\n<meta property=\"og:title\" content=\"Service\" \/>\n<meta property=\"og:description\" content=\"Nous attachons une grande importance \u00e0 la qualit\u00e9 de nos produits et de notre service. Car ce sont les relations d&#8217;affaires \u00e0 long terme et de confiance qui font la r\u00e9ussite d&#8217;une entreprise. Nous sommes heureux de transmettre notre savoir-faire \u00e0 nos clients et de satisfaire leurs exigences. Nous garantissons des livraisons \u00e0 court terme&hellip;\" \/>\n<meta property=\"og:url\" content=\"https:\/\/www.saicos.de\/fr\/service\/\" \/>\n<meta property=\"og:site_name\" content=\"Spezialist f\u00fcr hochwertige Holzanstriche - SAICOS COLOUR GmbH\" \/>\n<meta property=\"article:publisher\" content=\"https:\/\/facebook.com\/SaicosColour\" \/>\n<meta property=\"article:modified_time\" content=\"2021-05-17T10:42:52+00:00\" \/>\n<meta name=\"twitter:card\" content=\"summary_large_image\" \/>\n<meta name=\"twitter:label1\" content=\"Dur\u00e9e de lecture estim\u00e9e\" \/>\n\t<meta name=\"twitter:data1\" content=\"2 minutes\" \/>\n<script type=\"application\/ld+json\" class=\"yoast-schema-graph\">{\"@context\":\"https:\\\/\\\/schema.org\",\"@graph\":[{\"@type\":\"WebPage\",\"@id\":\"https:\\\/\\\/www.saicos.de\\\/fr\\\/service\\\/\",\"url\":\"https:\\\/\\\/www.saicos.de\\\/fr\\\/service\\\/\",\"name\":\"Service : Spezialist f\u00fcr hochwertige Holzanstriche - SAICOS COLOUR GmbH\",\"isPartOf\":{\"@id\":\"https:\\\/\\\/www.saicos.de\\\/fr\\\/#website\"},\"datePublished\":\"2019-11-08T14:04:51+00:00\",\"dateModified\":\"2021-05-17T10:42:52+00:00\",\"breadcrumb\":{\"@id\":\"https:\\\/\\\/www.saicos.de\\\/fr\\\/service\\\/#breadcrumb\"},\"inLanguage\":\"fr-FR\",\"potentialAction\":[{\"@type\":\"ReadAction\",\"target\":[\"https:\\\/\\\/www.saicos.de\\\/fr\\\/service\\\/\"]}]},{\"@type\":\"BreadcrumbList\",\"@id\":\"https:\\\/\\\/www.saicos.de\\\/fr\\\/service\\\/#breadcrumb\",\"itemListElement\":[{\"@type\":\"ListItem\",\"position\":1,\"name\":\"Startseite\",\"item\":\"https:\\\/\\\/www.saicos.de\\\/fr\\\/\"},{\"@type\":\"ListItem\",\"position\":2,\"name\":\"Service\"}]},{\"@type\":\"WebSite\",\"@id\":\"https:\\\/\\\/www.saicos.de\\\/fr\\\/#website\",\"url\":\"https:\\\/\\\/www.saicos.de\\\/fr\\\/\",\"name\":\"Spezialist f\u00fcr hochwertige Holzanstriche - SAICOS COLOUR GmbH\",\"description\":\"\",\"publisher\":{\"@id\":\"https:\\\/\\\/www.saicos.de\\\/fr\\\/#organization\"},\"potentialAction\":[{\"@type\":\"SearchAction\",\"target\":{\"@type\":\"EntryPoint\",\"urlTemplate\":\"https:\\\/\\\/www.saicos.de\\\/fr\\\/?s={search_term_string}\"},\"query-input\":{\"@type\":\"PropertyValueSpecification\",\"valueRequired\":true,\"valueName\":\"search_term_string\"}}],\"inLanguage\":\"fr-FR\"},{\"@type\":\"Organization\",\"@id\":\"https:\\\/\\\/www.saicos.de\\\/fr\\\/#organization\",\"name\":\"SAICOS COLOUR GmbH\",\"url\":\"https:\\\/\\\/www.saicos.de\\\/fr\\\/\",\"logo\":{\"@type\":\"ImageObject\",\"inLanguage\":\"fr-FR\",\"@id\":\"https:\\\/\\\/www.saicos.de\\\/fr\\\/#\\\/schema\\\/logo\\\/image\\\/\",\"url\":\"https:\\\/\\\/www.saicos.de\\\/wp-content\\\/uploads\\\/layout\\\/saicos_logo-e1572951246882.png\",\"contentUrl\":\"https:\\\/\\\/www.saicos.de\\\/wp-content\\\/uploads\\\/layout\\\/saicos_logo-e1572951246882.png\",\"width\":535,\"height\":219,\"caption\":\"SAICOS COLOUR GmbH\"},\"image\":{\"@id\":\"https:\\\/\\\/www.saicos.de\\\/fr\\\/#\\\/schema\\\/logo\\\/image\\\/\"},\"sameAs\":[\"https:\\\/\\\/facebook.com\\\/SaicosColour\",\"https:\\\/\\\/instagram.com\\\/saicos.colour\\\/\",\"https:\\\/\\\/www.youtube.com\\\/c\\\/SAICOSCOLOURGmbH\"]}]}<\/script>\n<!-- \/ Yoast SEO Premium plugin. -->","yoast_head_json":{"title":"Service : Spezialist f\u00fcr hochwertige Holzanstriche - SAICOS COLOUR GmbH","robots":{"index":"index","follow":"follow","max-snippet":"max-snippet:-1","max-image-preview":"max-image-preview:large","max-video-preview":"max-video-preview:-1"},"canonical":"https:\/\/www.saicos.de\/fr\/service\/","og_locale":"fr_FR","og_type":"article","og_title":"Service","og_description":"Nous attachons une grande importance \u00e0 la qualit\u00e9 de nos produits et de notre service. Car ce sont les relations d&#8217;affaires \u00e0 long terme et de confiance qui font la r\u00e9ussite d&#8217;une entreprise. Nous sommes heureux de transmettre notre savoir-faire \u00e0 nos clients et de satisfaire leurs exigences. Nous garantissons des livraisons \u00e0 court terme&hellip;","og_url":"https:\/\/www.saicos.de\/fr\/service\/","og_site_name":"Spezialist f\u00fcr hochwertige Holzanstriche - SAICOS COLOUR GmbH","article_publisher":"https:\/\/facebook.com\/SaicosColour","article_modified_time":"2021-05-17T10:42:52+00:00","twitter_card":"summary_large_image","twitter_misc":{"Dur\u00e9e de lecture estim\u00e9e":"2 minutes"},"schema":{"@context":"https:\/\/schema.org","@graph":[{"@type":"WebPage","@id":"https:\/\/www.saicos.de\/fr\/service\/","url":"https:\/\/www.saicos.de\/fr\/service\/","name":"Service : Spezialist f\u00fcr hochwertige Holzanstriche - SAICOS COLOUR GmbH","isPartOf":{"@id":"https:\/\/www.saicos.de\/fr\/#website"},"datePublished":"2019-11-08T14:04:51+00:00","dateModified":"2021-05-17T10:42:52+00:00","breadcrumb":{"@id":"https:\/\/www.saicos.de\/fr\/service\/#breadcrumb"},"inLanguage":"fr-FR","potentialAction":[{"@type":"ReadAction","target":["https:\/\/www.saicos.de\/fr\/service\/"]}]},{"@type":"BreadcrumbList","@id":"https:\/\/www.saicos.de\/fr\/service\/#breadcrumb","itemListElement":[{"@type":"ListItem","position":1,"name":"Startseite","item":"https:\/\/www.saicos.de\/fr\/"},{"@type":"ListItem","position":2,"name":"Service"}]},{"@type":"WebSite","@id":"https:\/\/www.saicos.de\/fr\/#website","url":"https:\/\/www.saicos.de\/fr\/","name":"Spezialist f\u00fcr hochwertige Holzanstriche - SAICOS COLOUR GmbH","description":"","publisher":{"@id":"https:\/\/www.saicos.de\/fr\/#organization"},"potentialAction":[{"@type":"SearchAction","target":{"@type":"EntryPoint","urlTemplate":"https:\/\/www.saicos.de\/fr\/?s={search_term_string}"},"query-input":{"@type":"PropertyValueSpecification","valueRequired":true,"valueName":"search_term_string"}}],"inLanguage":"fr-FR"},{"@type":"Organization","@id":"https:\/\/www.saicos.de\/fr\/#organization","name":"SAICOS COLOUR GmbH","url":"https:\/\/www.saicos.de\/fr\/","logo":{"@type":"ImageObject","inLanguage":"fr-FR","@id":"https:\/\/www.saicos.de\/fr\/#\/schema\/logo\/image\/","url":"https:\/\/www.saicos.de\/wp-content\/uploads\/layout\/saicos_logo-e1572951246882.png","contentUrl":"https:\/\/www.saicos.de\/wp-content\/uploads\/layout\/saicos_logo-e1572951246882.png","width":535,"height":219,"caption":"SAICOS COLOUR GmbH"},"image":{"@id":"https:\/\/www.saicos.de\/fr\/#\/schema\/logo\/image\/"},"sameAs":["https:\/\/facebook.com\/SaicosColour","https:\/\/instagram.com\/saicos.colour\/","https:\/\/www.youtube.com\/c\/SAICOSCOLOURGmbH"]}]}},"_links":{"self":[{"href":"https:\/\/www.saicos.de\/fr\/wp-json\/wp\/v2\/pages\/16781","targetHints":{"allow":["GET"]}}],"collection":[{"href":"https:\/\/www.saicos.de\/fr\/wp-json\/wp\/v2\/pages"}],"about":[{"href":"https:\/\/www.saicos.de\/fr\/wp-json\/wp\/v2\/types\/page"}],"author":[{"embeddable":true,"href":"https:\/\/www.saicos.de\/fr\/wp-json\/wp\/v2\/users\/37"}],"replies":[{"embeddable":true,"href":"https:\/\/www.saicos.de\/fr\/wp-json\/wp\/v2\/comments?post=16781"}],"version-history":[{"count":2,"href":"https:\/\/www.saicos.de\/fr\/wp-json\/wp\/v2\/pages\/16781\/revisions"}],"predecessor-version":[{"id":24962,"href":"https:\/\/www.saicos.de\/fr\/wp-json\/wp\/v2\/pages\/16781\/revisions\/24962"}],"wp:attachment":[{"href":"https:\/\/www.saicos.de\/fr\/wp-json\/wp\/v2\/media?parent=16781"}],"curies":[{"name":"wp","href":"https:\/\/api.w.org\/{rel}","templated":true}]}}